{"id":118,"date":"2019-08-11T17:25:32","date_gmt":"2019-08-11T17:25:32","guid":{"rendered":"https:\/\/ujravezetni.hu\/cimlap\/?page_id=118"},"modified":"2022-11-23T23:00:42","modified_gmt":"2022-11-23T23:00:42","slug":"oktatot-keresek","status":"publish","type":"page","link":"https:\/\/ujravezetni.hu\/cimlap\/oktatot-keresek\/","title":{"rendered":"OKTAT\u00d3 KERES\u0150"},"content":{"rendered":"<h2 id=\"tablepress-1-name\" class=\"tablepress-table-name tablepress-table-name-id-1\">Gyakorl\u00f3 vezet\u00e9st v\u00e1llal\u00f3 oktat\u00f3k<\/h2>\n<span id=\"tablepress-1-description\" class=\"tablepress-table-description tablepress-table-description-id-1\">K\u00e9pzett oktat\u00f3ink list\u00e1ja. Kedves L\u00e1togat\u00f3! Bizalommal keresse oktat\u00f3inkat el\u00e9rhet\u0151s\u00e9geiken. El\u0151fordulhat, hogy nem veszik fel azonnal a telefont, vagy nem azonnal v\u00e1laszolnak az elk\u00fcld\u00f6tt email \u00fczenetre, hiszen lehet, hogy \u00e9ppen munk\u00e1juk ezt nem teszi lehet\u0151v\u00e9. <\/span>\n\n<table id=\"tablepress-1\" class=\"tablepress tablepress-id-1\" aria-labelledby=\"tablepress-1-name\" aria-describedby=\"tablepress-1-description\">\n<thead>\n<tr class=\"row-1\">\n\t<th class=\"column-1\">Oktat\u00e1si ter\u00fclet<\/th><th class=\"column-2\">Oktat\u00f3 neve<\/th><th class=\"column-3\">Telefonsz\u00e1m<\/th><th class=\"column-4\">Email c\u00edm<\/th><th class=\"column-5\">Oktat\u00f3 g\u00e9pj\u00e1rm\u0171 tipusa<\/th>\n<\/tr>\n<\/thead>\n<tbody class=\"row-striping row-hover\">\n<tr class=\"row-2\">\n\t<td class=\"column-1\">Budapest, Pest megye<\/td><td class=\"column-2\">Boros Gyula<\/td><td class=\"column-3\">30 676 6933<\/td><td class=\"column-4\">gyusziboros(kukac)gmail.com<\/td><td class=\"column-5\">Jaguar S Type 2700 Diesel<\/td>\n<\/tr>\n<tr class=\"row-3\">\n\t<td class=\"column-1\">Budapest \u00e9s k\u00f6rnyez\u0151 telep\u00fcl\u00e9sek<\/td><td class=\"column-2\">Ludvig Imre<\/td><td class=\"column-3\">20 337 4096<\/td><td class=\"column-4\">ludvig.imre(kukac)gmail.com<\/td><td class=\"column-5\">Honda Jazz<\/td>\n<\/tr>\n<tr class=\"row-4\">\n\t<td class=\"column-1\">Budapest, III. Ker\u00fclet<\/td><td class=\"column-2\">K\u00f3r\u00e9-Kov\u00e1cs Anett<\/td><td class=\"column-3\">20 396 8435<\/td><td class=\"column-4\">kovacs.anett02(kukac)gmail.com<\/td><td class=\"column-5\">Volkswagen Golf 7.<\/td>\n<\/tr>\n<tr class=\"row-5\">\n\t<td class=\"column-1\">Budapest 3. Kerulet<\/td><td class=\"column-2\">Katona Martin<\/td><td class=\"column-3\">30 862 1474<\/td><td class=\"column-4\">martin.katona20(kukac)gmail.com<\/td><td class=\"column-5\">Ford C-Max<\/td>\n<\/tr>\n<tr class=\"row-6\">\n\t<td class=\"column-1\">Budapest 2., 3., 4., 8., 15 ker\u00fcletek, Szentendre, Pom\u00e1z, Dunakeszi, G\u00f6d,<\/td><td class=\"column-2\">Alacsony G\u00e1bor<\/td><td class=\"column-3\">30 370 6747<\/td><td class=\"column-4\">alacsonyg(kukac)gmail.com<\/td><td class=\"column-5\">Nissan Qashqai<\/td>\n<\/tr>\n<tr class=\"row-7\">\n\t<td class=\"column-1\">Budapest<\/td><td class=\"column-2\">D\u00f6rnyei J\u00f3zsef<\/td><td class=\"column-3\">30 200 3577<\/td><td class=\"column-4\">dornyeij(kukac)gmail.com<\/td><td class=\"column-5\">Suzuki Hibrid Vitara 6seb manu\u00e1lsi v\u00e1lt\u00f3; Nissan Micra automata<\/td>\n<\/tr>\n<tr class=\"row-8\">\n\t<td class=\"column-1\">Budapest XIII, IV, XV.-ker. Isaszeg, G\u00f6d\u00f6ll\u0151, Dunakeszi<\/td><td class=\"column-2\">Neu J\u00f3zsef K\u00e1roly<\/td><td class=\"column-3\">30 867 2950<\/td><td class=\"column-4\">neu.jozsef(kukac)gmail.com<\/td><td class=\"column-5\">Suzuki Swift 1.3<\/td>\n<\/tr>\n<tr class=\"row-9\">\n\t<td class=\"column-1\">Budapest<\/td><td class=\"column-2\">Kov\u00e1csi Tam\u00e1s<\/td><td class=\"column-3\">30 343 3078<\/td><td class=\"column-4\">kovacsi(kukac)freestart.hu<\/td><td class=\"column-5\">Skoda Octavia 1.6 CRTDI<\/td>\n<\/tr>\n<tr class=\"row-10\">\n\t<td class=\"column-1\">Budapest 5. 6. 7. 8. 9. 14. ker\u00fcletek<\/td><td class=\"column-2\">Robotka Attila<\/td><td class=\"column-3\">20 585 8620<\/td><td class=\"column-4\">jolvezeto(kukac)gmail.com<\/td><td class=\"column-5\">BMW F30 318d<\/td>\n<\/tr>\n<tr class=\"row-11\">\n\t<td class=\"column-1\">Budapest (Buda)<\/td><td class=\"column-2\">G\u00e1ti G\u00e1bor<\/td><td class=\"column-3\">30 633 6093<\/td><td class=\"column-4\">gatisensei(kukac)gmail.com<\/td><td class=\"column-5\">Toyota Yaris<\/td>\n<\/tr>\n<tr class=\"row-12\">\n\t<td class=\"column-1\">Budapest, f\u0151leg 3. \u00e9s 13. ker\u00fclet. K\u00fcls\u0151 ker\u00fcletek nem annyira<\/td><td class=\"column-2\">Birk\u00e1s G\u00e9za<\/td><td class=\"column-3\">20 770 4112<\/td><td class=\"column-4\">birkasgeza(kukac)gmail.com<\/td><td class=\"column-5\">Suzuki Sx4 Cross<\/td>\n<\/tr>\n<tr class=\"row-13\">\n\t<td class=\"column-1\">Budapest 4, 5, 6, 7, 8, 9, 10, 14, 15, 16, 17, 18, 19, 20, Kelet-pesti agglomer\u00e1ci\u00f3<\/td><td class=\"column-2\">Nyitrai Tam\u00e1s<\/td><td class=\"column-3\">30 910 80 52<\/td><td class=\"column-4\">nyitraitamas(kukac)t-online.hu<\/td><td class=\"column-5\">Suzuki Vitara Hybrid 2022<\/td>\n<\/tr>\n<tr class=\"row-14\">\n\t<td class=\"column-1\">B\u00e9k\u00e9s megye<\/td><td class=\"column-2\">Zahor\u00e1n Gyula<\/td><td class=\"column-3\">70 360 6950<\/td><td class=\"column-4\">zgycs(kukac)freemail.hu<\/td><td class=\"column-5\">Skoda Roomster benzin<\/td>\n<\/tr>\n<tr class=\"row-15\">\n\t<td class=\"column-1\">Esztergom, Dorog, Le\u00e1nyv\u00e1r, Piliscsaba, Nyerges\u00fajfalu, D\u00f6m\u00f6s<\/td><td class=\"column-2\">Patk\u00f3czi L\u00e1szl\u00f3<\/td><td class=\"column-3\">20 331 2303<\/td><td class=\"column-4\">ease(kukac)freemail.hu<\/td><td class=\"column-5\">Alfa Romeo Giulietta 1.6D<\/td>\n<\/tr>\n<tr class=\"row-16\">\n\t<td class=\"column-1\">\u00c9rd \u00e9s Budapest budai oldala<\/td><td class=\"column-2\">N\u00e1n\u00e1si Csaba<\/td><td class=\"column-3\">70 779 9988<\/td><td class=\"column-4\">72ncsaba(kukac)gmail.com<\/td><td class=\"column-5\">Nissan Qashqai<\/td>\n<\/tr>\n<tr class=\"row-17\">\n\t<td class=\"column-1\">Hal\u00e1sztelek, Szigetszentmikl\u00f3s, Csepel<\/td><td class=\"column-2\">Kocsis S\u00e1ndor<\/td><td class=\"column-3\">70 317 1814<\/td><td class=\"column-4\">motoros1971(kukac)gmail.com<\/td><td class=\"column-5\">Suzuki SX4 S Cross<\/td>\n<\/tr>\n<tr class=\"row-18\">\n\t<td class=\"column-1\">Kecskem\u00e9t<\/td><td class=\"column-2\">Zsitva Zsolt<\/td><td class=\"column-3\">20 398 8810<\/td><td class=\"column-4\">zsivanyzs(kukac)gmail.com<\/td><td class=\"column-5\">KIA CEED 1.6<\/td>\n<\/tr>\n<tr class=\"row-19\">\n\t<td class=\"column-1\">Kecskem\u00e9t<\/td><td class=\"column-2\">Sz\u00e8p Csaba<\/td><td class=\"column-3\">20 987 2446<\/td><td class=\"column-4\">szepcsa(kukac)freemail.hu<\/td><td class=\"column-5\">Peugeot 207 1.4HDI<\/td>\n<\/tr>\n<tr class=\"row-20\">\n\t<td class=\"column-1\">M\u00e1t\u00e9szalka \u00e9s k\u00f6rny\u00e9ke<\/td><td class=\"column-2\">Ol\u00e1h Mikl\u00f3s<\/td><td class=\"column-3\">20 290 4272<\/td><td class=\"column-4\">olaho3866(kukac)gmail.com<\/td><td class=\"column-5\">Honda Jazz<\/td>\n<\/tr>\n<tr class=\"row-21\">\n\t<td class=\"column-1\">Nagykanizsa, Letenye, Lenti<\/td><td class=\"column-2\">Bali J\u00f3zsef<\/td><td class=\"column-3\">30 518 9338<\/td><td class=\"column-4\">b.jocoka(kukac)freemail.hu<\/td><td class=\"column-5\">Ford Fiesta<\/td>\n<\/tr>\n<tr class=\"row-22\">\n\t<td class=\"column-1\">Ny\u00edregyh\u00e1za \u00e9s k\u00f6rny\u00e9ke<\/td><td class=\"column-2\">Solt\u00e9sz L\u00e1szl\u00f3<\/td><td class=\"column-3\">20 931 9119<\/td><td class=\"column-4\">suta7777(kukac)yahoo.com<\/td><td class=\"column-5\">Opel Astra J<\/td>\n<\/tr>\n<tr class=\"row-23\">\n\t<td class=\"column-1\">Ny\u00edregyh\u00e1za \u00e9s k\u00f6rny\u00e9ke<\/td><td class=\"column-2\">Kosztyu Zsolt<\/td><td class=\"column-3\">30 851 5100<\/td><td class=\"column-4\">Kosztyu73(kukac)gmail.com<\/td><td class=\"column-5\">Ford Fiesta 1.4Tdci<\/td>\n<\/tr>\n<tr class=\"row-24\">\n\t<td class=\"column-1\">Pest megye Isaszeg, G\u00f6d\u00f6ll\u0151, P\u00e9cel, Nagytarcsa, Kistarcsa, Kerepes, D\u00e1ny<\/td><td class=\"column-2\">Andork\u00f3 Tam\u00e1s<\/td><td class=\"column-3\">30 202 0695<\/td><td class=\"column-4\">tamasandorko(kukac)gmail.com<\/td><td class=\"column-5\">Hyundai I20<\/td>\n<\/tr>\n<tr class=\"row-25\">\n\t<td class=\"column-1\">\u00d3zd, Eger, Miskolc<\/td><td class=\"column-2\">Vizd\u00e1k Attila<\/td><td class=\"column-3\">70 340 3319<\/td><td class=\"column-4\">vizdak.attila(kukac)hotmail.com<\/td><td class=\"column-5\">D\u00e1cia Logan<\/td>\n<\/tr>\n<tr class=\"row-26\">\n\t<td class=\"column-1\">Sikl\u00f3s, Vill\u00e1ny \u00e9s k\u00f6rny\u00e9ke<\/td><td class=\"column-2\">Bali Istv\u00e1n S\u00e1ndor<\/td><td class=\"column-3\">30 507 0939<\/td><td class=\"column-4\">bali470227(kukac)freemail.hu<\/td><td class=\"column-5\">Seat Toledo 1.9TDI<\/td>\n<\/tr>\n<tr class=\"row-27\">\n\t<td class=\"column-1\">Si\u00f3fok \u00e9s k\u00f6rny\u00e9ke<\/td><td class=\"column-2\">Kiss Gyula<\/td><td class=\"column-3\">20 250 8387<\/td><td class=\"column-4\">safetycarati(kukac)gmail.com<\/td><td class=\"column-5\">Suzuki Swift, Opel Astra<\/td>\n<\/tr>\n<tr class=\"row-28\">\n\t<td class=\"column-1\">Sopron<\/td><td class=\"column-2\">Olajos Szabolcs<\/td><td class=\"column-3\">30 348 2131<\/td><td class=\"column-4\">oszabi71(kukac)gmail.com<\/td><td class=\"column-5\">Ford<\/td>\n<\/tr>\n<tr class=\"row-29\">\n\t<td class=\"column-1\">Sopron<\/td><td class=\"column-2\">Kontli T\u00fcnde<\/td><td class=\"column-3\">30 891 1155<\/td><td class=\"column-4\">kontlitunde(kukac)gmail.com<\/td><td class=\"column-5\">Volkswagen Polo<\/td>\n<\/tr>\n<tr class=\"row-30\">\n\t<td class=\"column-1\">Sopron \u00e9s k\u00f6rny\u00e9ke<\/td><td class=\"column-2\">\u00c1goston G\u00e1bor<\/td><td class=\"column-3\">30 988 4375<\/td><td class=\"column-4\">agogabo(kukac)gmail.com<\/td><td class=\"column-5\">Hyundai Matrix<\/td>\n<\/tr>\n<tr class=\"row-31\">\n\t<td class=\"column-1\">Szeged<\/td><td class=\"column-2\">Majoros Gabriella<\/td><td class=\"column-3\">70 546 6344<\/td><td class=\"column-4\">gabriellla.m25(kukac)gmail.com<\/td><td class=\"column-5\">Opel CrosslandX<\/td>\n<\/tr>\n<tr class=\"row-32\">\n\t<td class=\"column-1\">Sz\u00e9kesfeh\u00e9rv\u00e1r \u00e9s k\u00f6rny\u00e9ke<\/td><td class=\"column-2\">K\u00f6mives Zolt\u00e1n<\/td><td class=\"column-3\">70 600 3131<\/td><td class=\"column-4\">komiveszoltaan(kukac)gmail.com<\/td><td class=\"column-5\">Skoda Fabia TDI k\u00e9zi v\u00e1lt\u00f3, Volkswagen Golf automata v\u00e1lt\u00f3<\/td>\n<\/tr>\n<tr class=\"row-33\">\n\t<td class=\"column-1\">Szolnok<\/td><td class=\"column-2\">T\u00f6r\u0151csik Ferenc<\/td><td class=\"column-3\">30 4724 907<\/td><td class=\"column-4\">franz64205(kukac)gmail.com<\/td><td class=\"column-5\">VW Tiguan<\/td>\n<\/tr>\n<tr class=\"row-34\">\n\t<td class=\"column-1\">Tisza\u00fajv\u00e1ros, Polg\u00e1r, Miskolc \u00e9s k\u00f6rny\u00e9k\u00fck<\/td><td class=\"column-2\">S\u00fct\u0151 S\u00e1ndor<\/td><td class=\"column-3\">20 922 9822<\/td><td class=\"column-4\">sandorsuto60(kukac)gmail.com<\/td><td class=\"column-5\">BMW 118d<\/td>\n<\/tr>\n<tr class=\"row-35\">\n\t<td class=\"column-1\">Veszpr\u00e9m, Zala, Somogy, B\u00e9k\u00e9s megye<\/td><td class=\"column-2\">Koml\u00f3si Ferenc<\/td><td class=\"column-3\">20 328 8823<\/td><td class=\"column-4\">komlosiferenc(kukac)gmail.com<\/td><td class=\"column-5\">Toyota Yaris<\/td>\n<\/tr>\n<\/tbody>\n<\/table>\n\n","protected":false},"excerpt":{"rendered":"","protected":false},"author":1,"featured_media":0,"parent":0,"menu_order":0,"comment_status":"closed","ping_status":"closed","template":"","meta":{"pagelayer_contact_templates":[],"_pagelayer_content":"","footnotes":""},"class_list":["post-118","page","type-page","status-publish","hentry"],"_links":{"self":[{"href":"https:\/\/ujravezetni.hu\/cimlap\/wp-json\/wp\/v2\/pages\/118","targetHints":{"allow":["GET"]}}],"collection":[{"href":"https:\/\/ujravezetni.hu\/cimlap\/wp-json\/wp\/v2\/pages"}],"about":[{"href":"https:\/\/ujravezetni.hu\/cimlap\/wp-json\/wp\/v2\/types\/page"}],"author":[{"embeddable":true,"href":"https:\/\/ujravezetni.hu\/cimlap\/wp-json\/wp\/v2\/users\/1"}],"replies":[{"embeddable":true,"href":"https:\/\/ujravezetni.hu\/cimlap\/wp-json\/wp\/v2\/comments?post=118"}],"version-history":[{"count":15,"href":"https:\/\/ujravezetni.hu\/cimlap\/wp-json\/wp\/v2\/pages\/118\/revisions"}],"predecessor-version":[{"id":310,"href":"https:\/\/ujravezetni.hu\/cimlap\/wp-json\/wp\/v2\/pages\/118\/revisions\/310"}],"wp:attachment":[{"href":"https:\/\/ujravezetni.hu\/cimlap\/wp-json\/wp\/v2\/media?parent=118"}],"curies":[{"name":"wp","href":"https:\/\/api.w.org\/{rel}","templated":true}]}}