{"id":139,"date":"2019-09-08T15:34:00","date_gmt":"2019-09-08T15:34:00","guid":{"rendered":"https:\/\/ujravezetni.hu\/cimlap\/?page_id=139"},"modified":"2025-09-04T11:04:03","modified_gmt":"2025-09-04T11:04:03","slug":"kezdjuk","status":"publish","type":"page","link":"https:\/\/ujravezetni.hu\/cimlap\/","title":{"rendered":"KEZDJ\u00dcK"},"content":{"rendered":"\n\n\n\r\n<blockquote style=\"text-align: justify;\"><span style=\"font-size: large;\">Sokakban felm\u00e9r\u00fclt m\u00e1r a gondolat; \u00dajra vezetni akarok, \u00fajra vezetni szeretn\u00e9k! K\u00f6zben ott mocorog az \u00e9rz\u00e9s, hogy f\u00e9lek vezetni, nem merek aut\u00f3ba \u00fclni! Sokakkal el\u0151fordul, hogy a valamikor megszerzett vezet\u0151i enged\u00e9lyeiket nem haszn\u00e1lj\u00e1k. Egyszer m\u00e9gis elj\u00f6n a pillanat amikor ism\u00e9t haszn\u00e1t vehetn\u00e9 a jogos\u00edtv\u00e1ny\u00e1nak. Huzamosabb id\u0151 ut\u00e1n megkopnak az eml\u00e9kek, szertefoszlik a valamikori rutin, magabiztoss\u00e1g. Felel\u0151s megold\u00e1s, hogy a visszat\u00e9r\u00e9s el\u0151tt biztons\u00e1gos k\u00f6r\u00fclm\u00e9nyek k\u00f6z\u00f6tt, szakember seg\u00edts\u00e9g\u00e9t k\u00e9rik! Gyakorl\u00f3 vezet\u00e9s p\u00f3tped\u00e1los\u00a0 aut\u00f3kkal!<\/span><\/blockquote>\r\n<blockquote style=\"text-align: justify;\"><span style=\"font-size: large;\">Ebben pr\u00f3b\u00e1lunk seg\u00edts\u00e9get ny\u00fajtani itt, az https:\/\/ujravezetni.hu oldalon!<\/span><\/blockquote>\r\n<blockquote style=\"text-align: justify;\"><span style=\"font-size: large;\">\r\nOlyan, k\u00e9pzett oktat\u00f3k el\u00e9rhet\u0151s\u00e9gi adatait jelen\u00edtj\u00fck meg az oldalunkon, akik rendelkeznek szabad kapacit\u00e1ssal, oktat\u00f3aut\u00f3val, \u00e9s v\u00e1rj\u00e1k az \u00d6n\u00f6k jelentkez\u00e9s\u00e9t. Keress\u00e9k, h\u00edvj\u00e1k \u0151ket bizalommal. Minden r\u00e9szletet meg tudnak vel\u00fck besz\u00e9lni, az elv\u00e1r\u00e1sok mellett a vezet\u00e9si helysz\u00edneket, \u00e9s a d\u00edjaz\u00e1st is.\r\nMegbesz\u00e9l\u00e9skor nyugodtan mondj\u00e1k el egy\u00e9ni ig\u00e9ny\u00fcket. Sokan els\u0151re szeretn\u00e9k a lakhely\u00fck \u00e9s munkahely\u00fck k\u00f6z\u00f6tti utat, \u00fatvonalakat bej\u00e1rni, v\u00e1rhat\u00f3an gyakran haszn\u00e1lt utakat is begyakorolni.<\/span>\r\n\r\n&nbsp;<\/blockquote>\r\n<blockquote style=\"text-align: justify;\"><span style=\"font-size: large;\">Ne feledj\u00e9k, hogy \u00d6n\u00f6k, v\u00e1rhat\u00f3an nagyobb t\u00e1vokat, ter\u00fcleteket j\u00e1rnak be, mint a &#8222;val\u00f3di&#8221; tanul\u00f3vezet\u0151k, esetleg egyedi ig\u00e9nyeiknek megfelel\u0151 helyre \u00e9rkezik a tanul\u00f3aut\u00f3. Ez megjelenhet a d\u00edjaz\u00e1sban is.\r\nElk\u00e9pzelhet\u0151, hogy elegend\u0151nek tartj\u00e1k a tanul\u00f3vezet\u0151k \u00e1ltal is haszn\u00e1lt tal\u00e1lkoz\u00e1si pontokat, \u00e9s az \u00fatvonalak sem t\u00e9rnek el ett\u0151l. Ezt is sz\u00fcks\u00e9ges leegyeztetni az oktat\u00f3kkal. Minden r\u00e9szletet besz\u00e9ljenek meg, nehogy az inform\u00e1ci\u00f3 hi\u00e1nya kellemetlen pillanatot okozzon.<\/span><\/blockquote>\r\n\n\n\n","protected":false},"excerpt":{"rendered":"","protected":false},"author":1,"featured_media":0,"parent":0,"menu_order":0,"comment_status":"closed","ping_status":"closed","template":"","meta":{"pagelayer_contact_templates":[],"_pagelayer_content":"","footnotes":""},"class_list":["post-139","page","type-page","status-publish","hentry"],"_links":{"self":[{"href":"https:\/\/ujravezetni.hu\/cimlap\/wp-json\/wp\/v2\/pages\/139","targetHints":{"allow":["GET"]}}],"collection":[{"href":"https:\/\/ujravezetni.hu\/cimlap\/wp-json\/wp\/v2\/pages"}],"about":[{"href":"https:\/\/ujravezetni.hu\/cimlap\/wp-json\/wp\/v2\/types\/page"}],"author":[{"embeddable":true,"href":"https:\/\/ujravezetni.hu\/cimlap\/wp-json\/wp\/v2\/users\/1"}],"replies":[{"embeddable":true,"href":"https:\/\/ujravezetni.hu\/cimlap\/wp-json\/wp\/v2\/comments?post=139"}],"version-history":[{"count":23,"href":"https:\/\/ujravezetni.hu\/cimlap\/wp-json\/wp\/v2\/pages\/139\/revisions"}],"predecessor-version":[{"id":476,"href":"https:\/\/ujravezetni.hu\/cimlap\/wp-json\/wp\/v2\/pages\/139\/revisions\/476"}],"wp:attachment":[{"href":"https:\/\/ujravezetni.hu\/cimlap\/wp-json\/wp\/v2\/media?parent=139"}],"curies":[{"name":"wp","href":"https:\/\/api.w.org\/{rel}","templated":true}]}}