{"id":204,"date":"2019-09-09T19:40:56","date_gmt":"2019-09-09T19:40:56","guid":{"rendered":"https:\/\/ujravezetni.hu\/cimlap\/?page_id=204"},"modified":"2019-09-10T10:03:08","modified_gmt":"2019-09-10T10:03:08","slug":"oktatok-jelentkezese","status":"publish","type":"page","link":"https:\/\/ujravezetni.hu\/cimlap\/oktatok-jelentkezese\/","title":{"rendered":""},"content":{"rendered":"<div class=\"wpforms-container wpforms-container-full\" id=\"wpforms-203\"><form id=\"wpforms-form-203\" class=\"wpforms-validate wpforms-form\" data-formid=\"203\" method=\"post\" enctype=\"multipart\/form-data\" action=\"\/cimlap\/wp-json\/wp\/v2\/pages\/204\" data-token=\"b53da1bc2b3739ece7553654235dccd5\" data-token-time=\"1777220528\"><div class=\"wpforms-head-container\"><div class=\"wpforms-title\">GYAKORL\u00d3 VEZET\u00c9S OKTAT\u00c1S\u00c1T V\u00c1LLAL\u00d3K JELENTKEZ\u00c9SE<\/div><div class=\"wpforms-description\">Felmer\u00fcl\u0151 k\u00e9rd\u00e9sekre \u00f6r\u00f6mmel v\u00e1laszolok: \r\nPet\u0151 Attila P\u00e9ter +36 20 517 2068<\/div><\/div><noscript class=\"wpforms-error-noscript\">Please enable JavaScript in your browser to complete this form.<\/noscript><div class=\"wpforms-field-container\"><div id=\"wpforms-203-field_4-container\" class=\"wpforms-field wpforms-field-name\" data-field-id=\"4\"><label class=\"wpforms-field-label\" for=\"wpforms-203-field_4\">OKTAT\u00d3 TELJES NEVE <span class=\"wpforms-required-label\">*<\/span><\/label><input type=\"text\" id=\"wpforms-203-field_4\" class=\"wpforms-field-medium wpforms-field-required\" name=\"wpforms[fields][4]\" required><\/div><div id=\"wpforms-203-field_10-container\" class=\"wpforms-field wpforms-field-email\" data-field-id=\"10\"><label class=\"wpforms-field-label\" for=\"wpforms-203-field_10\">Email <span class=\"wpforms-required-label\">*<\/span><\/label><input type=\"email\" id=\"wpforms-203-field_10\" class=\"wpforms-field-medium wpforms-field-required\" name=\"wpforms[fields][10]\" spellcheck=\"false\" required><\/div><div id=\"wpforms-203-field_14-container\" class=\"wpforms-field wpforms-field-text\" data-field-id=\"14\"><label class=\"wpforms-field-label\" for=\"wpforms-203-field_14\">MEGJELEN\u00cdTHET\u0150 TELEFONSZ\u00c1M <span class=\"wpforms-required-label\">*<\/span><\/label><input type=\"text\" id=\"wpforms-203-field_14\" class=\"wpforms-field-medium wpforms-field-required\" name=\"wpforms[fields][14]\" required><\/div><div id=\"wpforms-203-field_6-container\" class=\"wpforms-field wpforms-field-number\" data-field-id=\"6\"><label class=\"wpforms-field-label\" for=\"wpforms-203-field_6\">OKTAT\u00d3I IGAZOLV\u00c1NY SZ\u00c1MA \/ nem k\u00f6telez\u0151 adat<\/label><input type=\"number\" id=\"wpforms-203-field_6\" class=\"wpforms-field-small\" name=\"wpforms[fields][6]\" step=\"any\" ><\/div><div id=\"wpforms-203-field_9-container\" class=\"wpforms-field wpforms-field-text\" data-field-id=\"9\"><label class=\"wpforms-field-label\" for=\"wpforms-203-field_9\">OKTAT\u00d3 G\u00c9PJ\u00c1RM\u0170 MEGNEVEZ\u00c9SE, T\u00cdPUSA <span class=\"wpforms-required-label\">*<\/span><\/label><input type=\"text\" id=\"wpforms-203-field_9\" class=\"wpforms-field-large wpforms-field-required\" name=\"wpforms[fields][9]\" required><\/div><div id=\"wpforms-203-field_8-container\" class=\"wpforms-field wpforms-field-textarea\" data-field-id=\"8\"><label class=\"wpforms-field-label\" for=\"wpforms-203-field_8\">K\u00c9REM SOROLJA FEL MELY TELEP\u00dcL\u00c9SEN, TELEP\u00dcL\u00c9SEKEN V\u00c1LLAL GYAKORL\u00d3VEZET\u00c9S OKTAT\u00c1ST <span class=\"wpforms-required-label\">*<\/span><\/label><textarea id=\"wpforms-203-field_8\" class=\"wpforms-field-small wpforms-field-required\" name=\"wpforms[fields][8]\" required><\/textarea><div class=\"wpforms-field-description\">BUDAPESTEN OKTAT\u00d3KT\u00d3L K\u00c9RJ\u00dcK, HOGY A KER\u00dcLETEKET IS SOROLJA FEL, HA NEM TELJES TER\u00dcLETEN DOLGOZIK<\/div><\/div><div id=\"wpforms-203-field_11-container\" class=\"wpforms-field wpforms-field-gdpr-checkbox\" data-field-id=\"11\"><label class=\"wpforms-field-label\">GDPR Beleegyez\u00e9s <span class=\"wpforms-required-label\">*<\/span><\/label><ul id=\"wpforms-203-field_11\" class=\"wpforms-field-required\"><li class=\"choice-1\"><input type=\"checkbox\" id=\"wpforms-203-field_11_1\" name=\"wpforms[fields][11][]\" value=\"Beleegyezem, hogy a weboldal t\u00e1rolja a beny\u00fajtott inform\u00e1ci\u00f3kat, \u00e9s megjelen\u00edtse az ujravezetni.hu oldalon. Az info(kukac)ujravezetni.hu c\u00edmre \u00edrt k\u00e9r\u00e9s alapj\u00e1n a megjelentet\u00e9s 24-48 \u00f3r\u00e1n bel\u00fcl t\u00f6rl\u00e9sre ker\u00fcl.\" required ><label class=\"wpforms-field-label-inline\" for=\"wpforms-203-field_11_1\">Beleegyezem, hogy a weboldal t\u00e1rolja a beny\u00fajtott inform\u00e1ci\u00f3kat, \u00e9s megjelen\u00edtse az ujravezetni.hu oldalon. Az info(kukac)ujravezetni.hu c\u00edmre \u00edrt k\u00e9r\u00e9s alapj\u00e1n a megjelentet\u00e9s 24-48 \u00f3r\u00e1n bel\u00fcl t\u00f6rl\u00e9sre ker\u00fcl.<\/label><\/li><\/ul><\/div><\/div><!-- .wpforms-field-container --><div class=\"wpforms-field wpforms-field-hp\"><label for=\"wpforms-203-field-hp\" class=\"wpforms-field-label\">Comment<\/label><input type=\"text\" name=\"wpforms[hp]\" id=\"wpforms-203-field-hp\" class=\"wpforms-field-medium\"><\/div><div class=\"wpforms-recaptcha-container wpforms-is-recaptcha wpforms-is-recaptcha-type-v3\" ><input type=\"hidden\" name=\"wpforms[recaptcha]\" value=\"\"><\/div><div class=\"wpforms-submit-container\" ><input type=\"hidden\" name=\"wpforms[id]\" value=\"203\"><input type=\"hidden\" name=\"page_title\" value=\"\"><input type=\"hidden\" name=\"page_url\" value=\"https:\/\/ujravezetni.hu\/cimlap\/wp-json\/wp\/v2\/pages\/204\"><input type=\"hidden\" name=\"url_referer\" value=\"\"><button type=\"submit\" name=\"wpforms[submit]\" id=\"wpforms-submit-203\" class=\"wpforms-submit\" data-alt-text=\"Folyamatban...\" data-submit-text=\"ELK\u00dcLD\" aria-live=\"assertive\" value=\"wpforms-submit\">ELK\u00dcLD<\/button><\/div><\/form><\/div>  <!-- .wpforms-container -->\n","protected":false},"excerpt":{"rendered":"","protected":false},"author":1,"featured_media":0,"parent":0,"menu_order":0,"comment_status":"closed","ping_status":"closed","template":"","meta":{"pagelayer_contact_templates":[],"_pagelayer_content":"","footnotes":""},"class_list":["post-204","page","type-page","status-publish","hentry"],"_links":{"self":[{"href":"https:\/\/ujravezetni.hu\/cimlap\/wp-json\/wp\/v2\/pages\/204","targetHints":{"allow":["GET"]}}],"collection":[{"href":"https:\/\/ujravezetni.hu\/cimlap\/wp-json\/wp\/v2\/pages"}],"about":[{"href":"https:\/\/ujravezetni.hu\/cimlap\/wp-json\/wp\/v2\/types\/page"}],"author":[{"embeddable":true,"href":"https:\/\/ujravezetni.hu\/cimlap\/wp-json\/wp\/v2\/users\/1"}],"replies":[{"embeddable":true,"href":"https:\/\/ujravezetni.hu\/cimlap\/wp-json\/wp\/v2\/comments?post=204"}],"version-history":[{"count":4,"href":"https:\/\/ujravezetni.hu\/cimlap\/wp-json\/wp\/v2\/pages\/204\/revisions"}],"predecessor-version":[{"id":210,"href":"https:\/\/ujravezetni.hu\/cimlap\/wp-json\/wp\/v2\/pages\/204\/revisions\/210"}],"wp:attachment":[{"href":"https:\/\/ujravezetni.hu\/cimlap\/wp-json\/wp\/v2\/media?parent=204"}],"curies":[{"name":"wp","href":"https:\/\/api.w.org\/{rel}","templated":true}]}}